{"id":262,"date":"2024-07-30T14:30:46","date_gmt":"2024-07-30T14:30:46","guid":{"rendered":"https:\/\/ireomba.staging2.welcomedigital.it\/company\/"},"modified":"2025-03-11T15:14:48","modified_gmt":"2025-03-11T15:14:48","slug":"azienda","status":"publish","type":"page","link":"https:\/\/ire-omba.it\/it\/azienda\/","title":{"rendered":"Azienda"},"content":{"rendered":"<h1 class=\"mb-2 text-footnote\"><span class=\"text-dark-500\">CHI SIAMO<\/span><\/h1>\n<p class=\"p1 mb-4 h1 emphasized\">Specialisti nella produzione di <span class=\"text-primary\">anelli laminati<\/span> in acciaio, leghe, superleghe e materiali non ferrosi<\/p>\n<p><span class=\"text-dark-500\">Da oltre 115 anni IRE \u2013 OMBA garantisce ai suoi clienti prodotti di qualit\u00e0 certificata, dispone di un laboratorio prove e collaudi accreditato. Si distingue per il profondo know how e la propensione ad investire in innovazione di prodotto e processo.<\/span><br \/>\n<span class=\"text-dark-500\">Player di rilevanza internazionale, IRE OMBA costruisce con i propri clienti una vera e propria partnership, basata su affidabilit\u00e0, competenze, flessibilit\u00e0 e qualit\u00e0 di prodotti e servizi.<\/span><\/p>\n","protected":false},"excerpt":{"rendered":"<p>CHI SIAMO Specialisti nella produzione di anelli laminati in acciaio, leghe, superleghe e materiali non ferrosi Da oltre 115 anni IRE \u2013 OMBA garantisce ai suoi clienti prodotti di qualit\u00e0 certificata, dispone di un laboratorio prove e collaudi accreditato. Si distingue per il profondo know how e la propensione ad investire in innovazione di prodotto [&hellip;]<\/p>\n","protected":false},"author":1,"featured_media":0,"parent":0,"menu_order":0,"comment_status":"closed","ping_status":"closed","template":"","meta":{"_acf_changed":false,"footnotes":""},"class_list":["post-262","page","type-page","status-publish","hentry"],"acf":[],"yoast_head":"<!-- This site is optimized with the Yoast SEO plugin v23.1 - https:\/\/yoast.com\/wordpress\/plugins\/seo\/ -->\n<title>Azienda - IRE OMBA<\/title>\n<meta name=\"description\" content=\"CHI SIAMO Specialisti nella produzione di anelli laminati in acciaio, leghe, superleghe e materiali non ferrosi Da oltre 115 anni IRE \u2013 OMBA garantisce ai\" \/>\n<meta name=\"robots\" content=\"index, follow, max-snippet:-1, max-image-preview:large, max-video-preview:-1\" \/>\n<link rel=\"canonical\" href=\"https:\/\/ire-omba.it\/it\/azienda\/\" \/>\n<meta property=\"og:locale\" content=\"it_IT\" \/>\n<meta property=\"og:type\" content=\"article\" \/>\n<meta property=\"og:title\" content=\"Azienda - IRE OMBA\" \/>\n<meta property=\"og:description\" content=\"CHI SIAMO Specialisti nella produzione di anelli laminati in acciaio, leghe, superleghe e materiali non ferrosi Da oltre 115 anni IRE \u2013 OMBA garantisce ai\" \/>\n<meta property=\"og:url\" content=\"https:\/\/ire-omba.it\/it\/azienda\/\" \/>\n<meta property=\"og:site_name\" content=\"IRE OMBA\" \/>\n<meta property=\"article:modified_time\" content=\"2025-03-11T15:14:48+00:00\" \/>\n<meta property=\"og:image\" content=\"https:\/\/ire-omba.it\/wp-content\/uploads\/2024\/08\/main-logo.png\" \/>\n\t<meta property=\"og:image:width\" content=\"128\" \/>\n\t<meta property=\"og:image:height\" content=\"129\" \/>\n\t<meta property=\"og:image:type\" content=\"image\/png\" \/>\n<meta name=\"twitter:card\" content=\"summary_large_image\" \/>\n<meta name=\"twitter:label1\" content=\"Tempo di lettura stimato\" \/>\n\t<meta name=\"twitter:data1\" content=\"1 minuto\" \/>\n<script type=\"application\/ld+json\" class=\"yoast-schema-graph\">{\"@context\":\"https:\/\/schema.org\",\"@graph\":[{\"@type\":\"WebPage\",\"@id\":\"https:\/\/ire-omba.it\/it\/azienda\/\",\"url\":\"https:\/\/ire-omba.it\/it\/azienda\/\",\"name\":\"Azienda - IRE OMBA\",\"isPartOf\":{\"@id\":\"https:\/\/ire-omba.it\/it\/#website\"},\"datePublished\":\"2024-07-30T14:30:46+00:00\",\"dateModified\":\"2025-03-11T15:14:48+00:00\",\"description\":\"CHI SIAMO Specialisti nella produzione di anelli laminati in acciaio, leghe, superleghe e materiali non ferrosi Da oltre 115 anni IRE \u2013 OMBA garantisce ai\",\"breadcrumb\":{\"@id\":\"https:\/\/ire-omba.it\/it\/azienda\/#breadcrumb\"},\"inLanguage\":\"it-IT\",\"potentialAction\":[{\"@type\":\"ReadAction\",\"target\":[\"https:\/\/ire-omba.it\/it\/azienda\/\"]}]},{\"@type\":\"BreadcrumbList\",\"@id\":\"https:\/\/ire-omba.it\/it\/azienda\/#breadcrumb\",\"itemListElement\":[{\"@type\":\"ListItem\",\"position\":1,\"name\":\"Home\",\"item\":\"https:\/\/ire-omba.it\/it\/\"},{\"@type\":\"ListItem\",\"position\":2,\"name\":\"Azienda\"}]},{\"@type\":\"WebSite\",\"@id\":\"https:\/\/ire-omba.it\/it\/#website\",\"url\":\"https:\/\/ire-omba.it\/it\/\",\"name\":\"IRE OMBA - Azienda manifatturiera\",\"description\":\"\",\"publisher\":{\"@id\":\"https:\/\/ire-omba.it\/it\/#organization\"},\"potentialAction\":[{\"@type\":\"SearchAction\",\"target\":{\"@type\":\"EntryPoint\",\"urlTemplate\":\"https:\/\/ire-omba.it\/it\/?s={search_term_string}\"},\"query-input\":\"required name=search_term_string\"}],\"inLanguage\":\"it-IT\"},{\"@type\":\"Organization\",\"@id\":\"https:\/\/ire-omba.it\/it\/#organization\",\"name\":\"IRE OMBA\",\"url\":\"https:\/\/ire-omba.it\/it\/\",\"logo\":{\"@type\":\"ImageObject\",\"inLanguage\":\"it-IT\",\"@id\":\"https:\/\/ire-omba.it\/it\/#\/schema\/logo\/image\/\",\"url\":\"https:\/\/ire-omba.it\/wp-content\/uploads\/2024\/08\/main-logo.png\",\"contentUrl\":\"https:\/\/ire-omba.it\/wp-content\/uploads\/2024\/08\/main-logo.png\",\"width\":128,\"height\":129,\"caption\":\"IRE OMBA\"},\"image\":{\"@id\":\"https:\/\/ire-omba.it\/it\/#\/schema\/logo\/image\/\"}}]}<\/script>\n<!-- \/ Yoast SEO plugin. -->","yoast_head_json":{"title":"Azienda - IRE OMBA","description":"CHI SIAMO Specialisti nella produzione di anelli laminati in acciaio, leghe, superleghe e materiali non ferrosi Da oltre 115 anni IRE \u2013 OMBA garantisce ai","robots":{"index":"index","follow":"follow","max-snippet":"max-snippet:-1","max-image-preview":"max-image-preview:large","max-video-preview":"max-video-preview:-1"},"canonical":"https:\/\/ire-omba.it\/it\/azienda\/","og_locale":"it_IT","og_type":"article","og_title":"Azienda - IRE OMBA","og_description":"CHI SIAMO Specialisti nella produzione di anelli laminati in acciaio, leghe, superleghe e materiali non ferrosi Da oltre 115 anni IRE \u2013 OMBA garantisce ai","og_url":"https:\/\/ire-omba.it\/it\/azienda\/","og_site_name":"IRE OMBA","article_modified_time":"2025-03-11T15:14:48+00:00","og_image":[{"width":128,"height":129,"url":"https:\/\/ire-omba.it\/wp-content\/uploads\/2024\/08\/main-logo.png","type":"image\/png"}],"twitter_card":"summary_large_image","twitter_misc":{"Tempo di lettura stimato":"1 minuto"},"schema":{"@context":"https:\/\/schema.org","@graph":[{"@type":"WebPage","@id":"https:\/\/ire-omba.it\/it\/azienda\/","url":"https:\/\/ire-omba.it\/it\/azienda\/","name":"Azienda - IRE OMBA","isPartOf":{"@id":"https:\/\/ire-omba.it\/it\/#website"},"datePublished":"2024-07-30T14:30:46+00:00","dateModified":"2025-03-11T15:14:48+00:00","description":"CHI SIAMO Specialisti nella produzione di anelli laminati in acciaio, leghe, superleghe e materiali non ferrosi Da oltre 115 anni IRE \u2013 OMBA garantisce ai","breadcrumb":{"@id":"https:\/\/ire-omba.it\/it\/azienda\/#breadcrumb"},"inLanguage":"it-IT","potentialAction":[{"@type":"ReadAction","target":["https:\/\/ire-omba.it\/it\/azienda\/"]}]},{"@type":"BreadcrumbList","@id":"https:\/\/ire-omba.it\/it\/azienda\/#breadcrumb","itemListElement":[{"@type":"ListItem","position":1,"name":"Home","item":"https:\/\/ire-omba.it\/it\/"},{"@type":"ListItem","position":2,"name":"Azienda"}]},{"@type":"WebSite","@id":"https:\/\/ire-omba.it\/it\/#website","url":"https:\/\/ire-omba.it\/it\/","name":"IRE OMBA - Azienda manifatturiera","description":"","publisher":{"@id":"https:\/\/ire-omba.it\/it\/#organization"},"potentialAction":[{"@type":"SearchAction","target":{"@type":"EntryPoint","urlTemplate":"https:\/\/ire-omba.it\/it\/?s={search_term_string}"},"query-input":"required name=search_term_string"}],"inLanguage":"it-IT"},{"@type":"Organization","@id":"https:\/\/ire-omba.it\/it\/#organization","name":"IRE OMBA","url":"https:\/\/ire-omba.it\/it\/","logo":{"@type":"ImageObject","inLanguage":"it-IT","@id":"https:\/\/ire-omba.it\/it\/#\/schema\/logo\/image\/","url":"https:\/\/ire-omba.it\/wp-content\/uploads\/2024\/08\/main-logo.png","contentUrl":"https:\/\/ire-omba.it\/wp-content\/uploads\/2024\/08\/main-logo.png","width":128,"height":129,"caption":"IRE OMBA"},"image":{"@id":"https:\/\/ire-omba.it\/it\/#\/schema\/logo\/image\/"}}]}},"_links":{"self":[{"href":"https:\/\/ire-omba.it\/it\/wp-json\/wp\/v2\/pages\/262"}],"collection":[{"href":"https:\/\/ire-omba.it\/it\/wp-json\/wp\/v2\/pages"}],"about":[{"href":"https:\/\/ire-omba.it\/it\/wp-json\/wp\/v2\/types\/page"}],"author":[{"embeddable":true,"href":"https:\/\/ire-omba.it\/it\/wp-json\/wp\/v2\/users\/1"}],"replies":[{"embeddable":true,"href":"https:\/\/ire-omba.it\/it\/wp-json\/wp\/v2\/comments?post=262"}],"version-history":[{"count":3,"href":"https:\/\/ire-omba.it\/it\/wp-json\/wp\/v2\/pages\/262\/revisions"}],"predecessor-version":[{"id":637,"href":"https:\/\/ire-omba.it\/it\/wp-json\/wp\/v2\/pages\/262\/revisions\/637"}],"wp:attachment":[{"href":"https:\/\/ire-omba.it\/it\/wp-json\/wp\/v2\/media?parent=262"}],"curies":[{"name":"wp","href":"https:\/\/api.w.org\/{rel}","templated":true}]}}